{"id":8036,"date":"2022-03-31T16:07:19","date_gmt":"2022-03-31T16:07:19","guid":{"rendered":"https:\/\/staging-arc.liquid-themes.com\/interior\/?page_id=8036"},"modified":"2024-04-22T15:35:06","modified_gmt":"2024-04-22T12:35:06","slug":"biz-kimiz","status":"publish","type":"page","link":"https:\/\/www.ptmproje.com\/tr\/biz-kimiz\/","title":{"rendered":"Biz Kimiz?"},"content":{"rendered":"\t\t<div data-elementor-type=\"wp-page\" data-elementor-id=\"8036\" class=\"elementor elementor-8036\" data-elementor-post-type=\"page\">\n\t\t\t\t\t\t<section class=\"elementor-section elementor-top-section elementor-element elementor-element-68f880ea elementor-section-content-middle elementor-section-boxed elementor-section-height-default elementor-section-height-default\" data-id=\"68f880ea\" data-element_type=\"section\">\n\t\t\t\t\t\t<div class=\"elementor-container elementor-column-gap-default\">\n\t\t\t\t\t<div data-custom-animations=\"true\" data-ca-options=\"{&quot;addChildTimelines&quot;:false,&quot;animationTarget&quot;:&quot;:scope &gt; .elementor-widget-wrap &gt; .elementor-element &gt; .elementor-widget-container, :scope &gt; .elementor-widget-wrap &gt; .elementor-section &gt; .elementor-container &gt; .elementor-column &gt; .elementor-widget-wrap &gt; .elementor-element:not(.lqd-el-has-inner-anim) &gt; .elementor-widget-container, :scope &gt; .elementor-widget-wrap &gt; .elementor-widget-hub_fancy_heading .lqd-split-lines .lqd-lines .split-inner, :scope &gt; .elementor-widget-wrap &gt; .elementor-widget-hub_fancy_heading .lqd-split-words .lqd-words .split-inner, :scope &gt; .elementor-widget-wrap &gt; .elementor-widget-hub_fancy_heading .lqd-split-chars .lqd-chars .split-inner, :scope &gt; .elementor-widget-wrap &gt; .elementor-widget-ld_custom_menu .lqd-fancy-menu &gt; ul &gt; li&quot;,&quot;ease&quot;:[&quot;power4.out&quot;],&quot;initValues&quot;:{&quot;x&quot;:&quot;40px&quot;,&quot;opacity&quot;:0},&quot;animations&quot;:{&quot;x&quot;:&quot;0px&quot;,&quot;opacity&quot;:1}}\" class=\"elementor-column elementor-col-100 elementor-top-column elementor-element elementor-element-6d650cb6\" data-id=\"6d650cb6\" data-element_type=\"column\">\n\t\t\t<div class=\"elementor-widget-wrap elementor-element-populated\">\n\t\t\t\t\t\t<div class=\"elementor-element elementor-element-5388ad37 elementor-widget__width-auto elementor-widget elementor-widget-hub_fancy_heading\" data-id=\"5388ad37\" data-element_type=\"widget\" data-widget_type=\"hub_fancy_heading.default\">\n\t\t\t\t<div class=\"elementor-widget-container\">\n\t\t\t\n\t\t<div id=\"ld-fancy-heading-69f5fbb75a942\" class=\"ld-fancy-heading pos-rel\">\n\t\t\t<h6 class=\"ld-fh-element d-inline-block pos-rel  elementor-heading-title lqd-highlight-classic lqd-highlight-grow-left h6\"  > HAKKIMIZDA<\/h6>\t\t<\/div>\n\n\t\t\t\t<\/div>\n\t\t\t\t<\/div>\n\t\t\t\t<div class=\"elementor-element elementor-element-3630d7e5 elementor-widget elementor-widget-hub_fancy_heading\" data-id=\"3630d7e5\" data-element_type=\"widget\" data-widget_type=\"hub_fancy_heading.default\">\n\t\t\t\t<div class=\"elementor-widget-container\">\n\t\t\t\n\t\t<div id=\"ld-fancy-heading-69f5fbb75b93c\" class=\"ld-fancy-heading pos-rel\">\n\t\t\t<p class=\"ld-fh-element d-inline-block pos-rel  lqd-highlight-classic lqd-highlight-grow-left p\"  > PTM | Proje Tasar\u0131m Merkezi, modern mimari, peyzaj mimarl\u0131\u011f\u0131 ve kentsel tasar\u0131m alanlar\u0131nda 2004 y\u0131l\u0131nda kurulmu\u015f bir tasar\u0131m ve uygulama ofisidir. T\u00fcrkiye genelinde ve uluslararas\u0131 d\u00fczeyde hizmet veren PTM, s\u00fcrd\u00fcr\u00fclebilir, yenilik\u00e7i ve estetik peyzaj mimarl\u0131\u011f\u0131 anlay\u0131\u015f\u0131yla kullan\u0131c\u0131lar\u0131n hayalini kurdu\u011fu mek\u00e2nlara h\u0131zl\u0131 ve etkili \u00e7\u00f6z\u00fcmler sunmay\u0131 g\u00f6rev edinmi\u015ftir.<\/p>\t\t<\/div>\n\n\t\t\t\t<\/div>\n\t\t\t\t<\/div>\n\t\t\t\t<div class=\"elementor-element elementor-element-915ebe0 elementor-widget elementor-widget-hub_fancy_heading\" data-id=\"915ebe0\" data-element_type=\"widget\" data-widget_type=\"hub_fancy_heading.default\">\n\t\t\t\t<div class=\"elementor-widget-container\">\n\t\t\t\n\t\t<div id=\"ld-fancy-heading-69f5fbb75c29e\" class=\"ld-fancy-heading pos-rel\">\n\t\t\t<p class=\"ld-fh-element d-inline-block pos-rel  lqd-highlight-classic lqd-highlight-grow-left p\"  > Kurulu\u015fundan bu yana, Trabzon merkezli olan PTM, bug\u00fcn \u0130stanbul ve Ankara'da bulunan ofisleriyle de hizmet vermekte ve yurtd\u0131\u015f\u0131 stratejik i\u015f ortaklar\u0131yla k\u00fcresel \u00f6l\u00e7ekte \u00f6nemli projelere imza atmaktad\u0131r.<\/p>\t\t<\/div>\n\n\t\t\t\t<\/div>\n\t\t\t\t<\/div>\n\t\t\t\t<div class=\"elementor-element elementor-element-495edbf elementor-widget elementor-widget-hub_fancy_heading\" data-id=\"495edbf\" data-element_type=\"widget\" data-widget_type=\"hub_fancy_heading.default\">\n\t\t\t\t<div class=\"elementor-widget-container\">\n\t\t\t\n\t\t<div id=\"ld-fancy-heading-69f5fbb75cc01\" class=\"ld-fancy-heading pos-rel\">\n\t\t\t<p class=\"ld-fh-element d-inline-block pos-rel  lqd-highlight-classic lqd-highlight-grow-left p\"  > PTM, stratejik olarak konumland\u0131r\u0131lm\u0131\u015f 3 st\u00fcdyodan olu\u015fan k\u00fcresel bir a\u011fa ve 80'den fazla kente yay\u0131lan geni\u015f bir eri\u015fim a\u011f\u0131na sahiptir. Yenilik\u00e7i yakla\u015f\u0131m\u0131 ve kaliteli hizmet anlay\u0131\u015f\u0131yla d\u00fcnya \u00e7ap\u0131ndaki pazarlarda kendini kan\u0131tlam\u0131\u015f bir tasar\u0131m markas\u0131d\u0131r.<\/p>\t\t<\/div>\n\n\t\t\t\t<\/div>\n\t\t\t\t<\/div>\n\t\t\t\t<div class=\"elementor-element elementor-element-e575664 elementor-widget elementor-widget-hub_fancy_heading\" data-id=\"e575664\" data-element_type=\"widget\" data-widget_type=\"hub_fancy_heading.default\">\n\t\t\t\t<div class=\"elementor-widget-container\">\n\t\t\t\n\t\t<div id=\"ld-fancy-heading-69f5fbb75d53d\" class=\"ld-fancy-heading pos-rel\">\n\t\t\t<p class=\"ld-fh-element d-inline-block pos-rel  lqd-highlight-classic lqd-highlight-grow-left p\"  > PTM, her projede \u00f6zg\u00fcn ve \u00e7a\u011fda\u015f tasar\u0131mlarla gelece\u011fi in\u015fa etmeyi ve ya\u015fam alanlar\u0131n\u0131 d\u00f6n\u00fc\u015ft\u00fcrmeyi hedeflerken, m\u00fc\u015fterilerine \u00f6zenle haz\u0131rlanm\u0131\u015f, \u00f6zg\u00fcn, s\u00fcrd\u00fcr\u00fclebilir ve i\u015flevsel mek\u00e2nlar sunmay\u0131 hedeflemektedir.<\/p>\t\t<\/div>\n\n\t\t\t\t<\/div>\n\t\t\t\t<\/div>\n\t\t\t\t\t<\/div>\n\t\t<\/div>\n\t\t\t\t\t<\/div>\n\t\t<\/section>\n\t\t\t\t<section data-custom-animations=\"true\" data-ca-options=\"{&quot;addChildTimelines&quot;:false,&quot;animationTarget&quot;:&quot;:scope &gt; .elementor-container &gt; .elementor-column&quot;,&quot;ease&quot;:[&quot;power4.out&quot;],&quot;initValues&quot;:{&quot;y&quot;:&quot;40px&quot;,&quot;opacity&quot;:0},&quot;animations&quot;:{&quot;y&quot;:&quot;0px&quot;,&quot;opacity&quot;:1}}\" class=\"elementor-section elementor-top-section elementor-element elementor-element-60883cbf elementor-section-boxed elementor-section-height-default elementor-section-height-default\" data-id=\"60883cbf\" data-element_type=\"section\">\n\t\t\t\t\t\t<div class=\"elementor-container elementor-column-gap-default\">\n\t\t\t\t\t<div class=\"elementor-column elementor-col-50 elementor-top-column elementor-element elementor-element-3c89097a elementor-hidden-tablet elementor-hidden-mobile\" data-id=\"3c89097a\" data-element_type=\"column\">\n\t\t\t<div class=\"elementor-widget-wrap elementor-element-populated\">\n\t\t\t\t\t\t<div class=\"elementor-element elementor-element-9563118 elementor-widget elementor-widget-image\" data-id=\"9563118\" data-element_type=\"widget\" data-widget_type=\"image.default\">\n\t\t\t\t<div class=\"elementor-widget-container\">\n\t\t\t<style>\/*! elementor - v3.21.0 - 18-04-2024 *\/\n.elementor-widget-image{text-align:center}.elementor-widget-image a{display:inline-block}.elementor-widget-image a img[src$=\".svg\"]{width:48px}.elementor-widget-image img{vertical-align:middle;display:inline-block}<\/style>\t\t\t\t\t\t\t\t\t\t<img fetchpriority=\"high\" decoding=\"async\" width=\"780\" height=\"671\" src=\"https:\/\/www.ptmproje.com\/wp-content\/uploads\/2024\/03\/hkic-1024x881.webp\" class=\"attachment-large size-large wp-image-8587\" alt=\"\" srcset=\"https:\/\/www.ptmproje.com\/wp-content\/uploads\/2024\/03\/hkic-1024x881.webp 1024w, https:\/\/www.ptmproje.com\/wp-content\/uploads\/2024\/03\/hkic-300x258.webp 300w, https:\/\/www.ptmproje.com\/wp-content\/uploads\/2024\/03\/hkic-1536x1322.webp 1536w, https:\/\/www.ptmproje.com\/wp-content\/uploads\/2024\/03\/hkic.webp 1748w\" sizes=\"(max-width: 780px) 100vw, 780px\" \/>\t\t\t\t\t\t\t\t\t\t\t\t\t<\/div>\n\t\t\t\t<\/div>\n\t\t\t\t\t<\/div>\n\t\t<\/div>\n\t\t\t\t<div class=\"elementor-column elementor-col-50 elementor-top-column elementor-element elementor-element-4b51e0e9\" data-id=\"4b51e0e9\" data-element_type=\"column\">\n\t\t\t<div class=\"elementor-widget-wrap elementor-element-populated\">\n\t\t\t\t\t\t<div class=\"elementor-element elementor-element-cb27a8a elementor-widget-divider--separator-type-pattern elementor-widget-divider--view-line elementor-widget elementor-widget-divider\" data-id=\"cb27a8a\" data-element_type=\"widget\" data-widget_type=\"divider.default\">\n\t\t\t\t<div class=\"elementor-widget-container\">\n\t\t\t<style>\/*! elementor - v3.21.0 - 18-04-2024 *\/\n.elementor-widget-divider{--divider-border-style:none;--divider-border-width:1px;--divider-color:#0c0d0e;--divider-icon-size:20px;--divider-element-spacing:10px;--divider-pattern-height:24px;--divider-pattern-size:20px;--divider-pattern-url:none;--divider-pattern-repeat:repeat-x}.elementor-widget-divider .elementor-divider{display:flex}.elementor-widget-divider .elementor-divider__text{font-size:15px;line-height:1;max-width:95%}.elementor-widget-divider .elementor-divider__element{margin:0 var(--divider-element-spacing);flex-shrink:0}.elementor-widget-divider .elementor-icon{font-size:var(--divider-icon-size)}.elementor-widget-divider .elementor-divider-separator{display:flex;margin:0;direction:ltr}.elementor-widget-divider--view-line_icon .elementor-divider-separator,.elementor-widget-divider--view-line_text .elementor-divider-separator{align-items:center}.elementor-widget-divider--view-line_icon .elementor-divider-separator:after,.elementor-widget-divider--view-line_icon .elementor-divider-separator:before,.elementor-widget-divider--view-line_text .elementor-divider-separator:after,.elementor-widget-divider--view-line_text .elementor-divider-separator:before{display:block;content:\"\";border-block-end:0;flex-grow:1;border-block-start:var(--divider-border-width) var(--divider-border-style) var(--divider-color)}.elementor-widget-divider--element-align-left .elementor-divider .elementor-divider-separator>.elementor-divider__svg:first-of-type{flex-grow:0;flex-shrink:100}.elementor-widget-divider--element-align-left .elementor-divider-separator:before{content:none}.elementor-widget-divider--element-align-left .elementor-divider__element{margin-left:0}.elementor-widget-divider--element-align-right .elementor-divider .elementor-divider-separator>.elementor-divider__svg:last-of-type{flex-grow:0;flex-shrink:100}.elementor-widget-divider--element-align-right .elementor-divider-separator:after{content:none}.elementor-widget-divider--element-align-right .elementor-divider__element{margin-right:0}.elementor-widget-divider--element-align-start .elementor-divider .elementor-divider-separator>.elementor-divider__svg:first-of-type{flex-grow:0;flex-shrink:100}.elementor-widget-divider--element-align-start .elementor-divider-separator:before{content:none}.elementor-widget-divider--element-align-start .elementor-divider__element{margin-inline-start:0}.elementor-widget-divider--element-align-end .elementor-divider .elementor-divider-separator>.elementor-divider__svg:last-of-type{flex-grow:0;flex-shrink:100}.elementor-widget-divider--element-align-end .elementor-divider-separator:after{content:none}.elementor-widget-divider--element-align-end .elementor-divider__element{margin-inline-end:0}.elementor-widget-divider:not(.elementor-widget-divider--view-line_text):not(.elementor-widget-divider--view-line_icon) .elementor-divider-separator{border-block-start:var(--divider-border-width) var(--divider-border-style) var(--divider-color)}.elementor-widget-divider--separator-type-pattern{--divider-border-style:none}.elementor-widget-divider--separator-type-pattern.elementor-widget-divider--view-line .elementor-divider-separator,.elementor-widget-divider--separator-type-pattern:not(.elementor-widget-divider--view-line) .elementor-divider-separator:after,.elementor-widget-divider--separator-type-pattern:not(.elementor-widget-divider--view-line) .elementor-divider-separator:before,.elementor-widget-divider--separator-type-pattern:not([class*=elementor-widget-divider--view]) .elementor-divider-separator{width:100%;min-height:var(--divider-pattern-height);-webkit-mask-size:var(--divider-pattern-size) 100%;mask-size:var(--divider-pattern-size) 100%;-webkit-mask-repeat:var(--divider-pattern-repeat);mask-repeat:var(--divider-pattern-repeat);background-color:var(--divider-color);-webkit-mask-image:var(--divider-pattern-url);mask-image:var(--divider-pattern-url)}.elementor-widget-divider--no-spacing{--divider-pattern-size:auto}.elementor-widget-divider--bg-round{--divider-pattern-repeat:round}.rtl .elementor-widget-divider .elementor-divider__text{direction:rtl}.e-con-inner>.elementor-widget-divider,.e-con>.elementor-widget-divider{width:var(--container-widget-width,100%);--flex-grow:var(--container-widget-flex-grow)}<\/style>\t\t<div class=\"elementor-divider\" style=\"--divider-pattern-url: url(&quot;data:image\/svg+xml,%3Csvg xmlns=&#039;http:\/\/www.w3.org\/2000\/svg&#039; preserveAspectRatio=&#039;none&#039; overflow=&#039;visible&#039; height=&#039;100%&#039; viewBox=&#039;0 0 20 16&#039; fill=&#039;none&#039; stroke=&#039;black&#039; stroke-width=&#039;1&#039; stroke-linecap=&#039;square&#039; stroke-miterlimit=&#039;10&#039;%3E%3Cg transform=&#039;translate(-12.000000, 0)&#039;%3E%3Cpath d=&#039;M28,0L10,18&#039;\/%3E%3Cpath d=&#039;M18,0L0,18&#039;\/%3E%3Cpath d=&#039;M48,0L30,18&#039;\/%3E%3Cpath d=&#039;M38,0L20,18&#039;\/%3E%3C\/g%3E%3C\/svg%3E&quot;);\">\n\t\t\t<span class=\"elementor-divider-separator\">\n\t\t\t\t\t\t<\/span>\n\t\t<\/div>\n\t\t\t\t<\/div>\n\t\t\t\t<\/div>\n\t\t\t\t<div class=\"elementor-element elementor-element-109250f4 elementor-widget elementor-widget-hub_fancy_heading\" data-id=\"109250f4\" data-element_type=\"widget\" data-widget_type=\"hub_fancy_heading.default\">\n\t\t\t\t<div class=\"elementor-widget-container\">\n\t\t\t\n\t\t<div id=\"ld-fancy-heading-69f5fbb76232a\" class=\"ld-fancy-heading pos-rel\">\n\t\t\t<h2 class=\"ld-fh-element d-inline-block pos-rel  elementor-heading-title lqd-highlight-classic lqd-highlight-grow-left h2\"  > Yarat\u0131c\u0131l\u0131k K\u00fclt\u00fcr\u00fc<\/h2>\t\t<\/div>\n\n\t\t\t\t<\/div>\n\t\t\t\t<\/div>\n\t\t\t\t<div class=\"elementor-element elementor-element-3a5c09a1 elementor-widget elementor-widget-hub_fancy_heading\" data-id=\"3a5c09a1\" data-element_type=\"widget\" data-widget_type=\"hub_fancy_heading.default\">\n\t\t\t\t<div class=\"elementor-widget-container\">\n\t\t\t\n\t\t<div id=\"ld-fancy-heading-69f5fbb762c51\" class=\"ld-fancy-heading pos-rel\">\n\t\t\t<p class=\"ld-fh-element d-inline-block pos-rel  lqd-highlight-classic lqd-highlight-grow-left p\"  > PTM, yarat\u0131c\u0131 bir ortamda \u00e7al\u0131\u015fmay\u0131 s\u00fcrd\u00fcrmektedir. Tasar\u0131m ve uygulama projelerinde \u00f6ne \u00e7\u0131kmak i\u00e7in uzman ekiplerle bir araya gelir. Sekt\u00f6rde \u00f6nc\u00fc bir konumda olan PTM, inovatif yakla\u015f\u0131mlar\u0131 ve \u00f6zg\u00fcn tasar\u0131mlar\u0131yla tan\u0131nmaktad\u0131r. \u015eirket k\u00fclt\u00fcr\u00fc, i\u015f birli\u011fine dayal\u0131 bir yakla\u015f\u0131m\u0131 te\u015fvik ederken, yarat\u0131c\u0131l\u0131\u011f\u0131 ve etkili ileti\u015fimi \u00f6nemser. PTM, m\u00fc\u015fterilere ve topluma en iyi hizmeti sunmak amac\u0131yla s\u00fcrekli olarak yeni fikirler geli\u015ftirir ve projelerinde estetik ile i\u015flevsellik aras\u0131nda dengeli bir yakla\u015f\u0131m\u0131 benimser.<\/p>\t\t<\/div>\n\n\t\t\t\t<\/div>\n\t\t\t\t<\/div>\n\t\t\t\t\t<\/div>\n\t\t<\/div>\n\t\t\t\t\t<\/div>\n\t\t<\/section>\n\t\t\t\t<section data-custom-animations=\"true\" data-ca-options=\"{&quot;addChildTimelines&quot;:false,&quot;animationTarget&quot;:&quot;:scope &gt; .elementor-container &gt; .elementor-column&quot;,&quot;ease&quot;:[&quot;power4.out&quot;],&quot;initValues&quot;:{&quot;y&quot;:&quot;40px&quot;,&quot;opacity&quot;:0},&quot;animations&quot;:{&quot;y&quot;:&quot;0px&quot;,&quot;opacity&quot;:1}}\" class=\"elementor-section elementor-top-section elementor-element elementor-element-5c99a67 elementor-section-boxed elementor-section-height-default elementor-section-height-default\" data-id=\"5c99a67\" data-element_type=\"section\">\n\t\t\t\t\t\t<div class=\"elementor-container elementor-column-gap-default\">\n\t\t\t\t\t<div class=\"elementor-column elementor-col-50 elementor-top-column elementor-element elementor-element-ac70f1b\" data-id=\"ac70f1b\" data-element_type=\"column\">\n\t\t\t<div class=\"elementor-widget-wrap elementor-element-populated\">\n\t\t\t\t\t\t<div class=\"elementor-element elementor-element-fb1ab55 elementor-widget-divider--separator-type-pattern elementor-widget-divider--view-line elementor-widget elementor-widget-divider\" data-id=\"fb1ab55\" data-element_type=\"widget\" data-widget_type=\"divider.default\">\n\t\t\t\t<div class=\"elementor-widget-container\">\n\t\t\t\t\t<div class=\"elementor-divider\" style=\"--divider-pattern-url: url(&quot;data:image\/svg+xml,%3Csvg xmlns=&#039;http:\/\/www.w3.org\/2000\/svg&#039; preserveAspectRatio=&#039;none&#039; overflow=&#039;visible&#039; height=&#039;100%&#039; viewBox=&#039;0 0 20 16&#039; fill=&#039;none&#039; stroke=&#039;black&#039; stroke-width=&#039;1&#039; stroke-linecap=&#039;square&#039; stroke-miterlimit=&#039;10&#039;%3E%3Cg transform=&#039;translate(-12.000000, 0)&#039;%3E%3Cpath d=&#039;M28,0L10,18&#039;\/%3E%3Cpath d=&#039;M18,0L0,18&#039;\/%3E%3Cpath d=&#039;M48,0L30,18&#039;\/%3E%3Cpath d=&#039;M38,0L20,18&#039;\/%3E%3C\/g%3E%3C\/svg%3E&quot;);\">\n\t\t\t<span class=\"elementor-divider-separator\">\n\t\t\t\t\t\t<\/span>\n\t\t<\/div>\n\t\t\t\t<\/div>\n\t\t\t\t<\/div>\n\t\t\t\t<div class=\"elementor-element elementor-element-00a3a0a elementor-widget elementor-widget-hub_fancy_heading\" data-id=\"00a3a0a\" data-element_type=\"widget\" data-widget_type=\"hub_fancy_heading.default\">\n\t\t\t\t<div class=\"elementor-widget-container\">\n\t\t\t\n\t\t<div id=\"ld-fancy-heading-69f5fbb764d85\" class=\"ld-fancy-heading pos-rel\">\n\t\t\t<h2 class=\"ld-fh-element d-inline-block pos-rel  elementor-heading-title lqd-highlight-classic lqd-highlight-grow-left h2\"  > Tasar\u0131m Felsefesi<\/h2>\t\t<\/div>\n\n\t\t\t\t<\/div>\n\t\t\t\t<\/div>\n\t\t\t\t<div class=\"elementor-element elementor-element-ea79a22 elementor-widget elementor-widget-hub_fancy_heading\" data-id=\"ea79a22\" data-element_type=\"widget\" data-widget_type=\"hub_fancy_heading.default\">\n\t\t\t\t<div class=\"elementor-widget-container\">\n\t\t\t\n\t\t<div id=\"ld-fancy-heading-69f5fbb76567f\" class=\"ld-fancy-heading pos-rel\">\n\t\t\t<p class=\"ld-fh-element d-inline-block pos-rel  lqd-highlight-classic lqd-highlight-grow-left p\"  > Yarat\u0131c\u0131l\u0131k ve s\u00fcrd\u00fcr\u00fclebilirlik birbirini d\u0131\u015flay\u0131c\u0131 unsurlar de\u011fildir. Bunlar, 'PTM Fark\u0131' n\u0131n temel ve birbirini tamamlay\u0131c\u0131 temel unsurlar\u0131d\u0131r. K\u00fcresel ekiplerimiz, her projeye farkl\u0131 deneyimlerle yakla\u015fmakta ve \u00e7e\u015fitli becerileri hem birbirleriyle hem de m\u00fc\u015fterilerle payla\u015fmaktad\u0131r. D\u00fcnyan\u0131n d\u00f6rt bir yan\u0131ndan k\u00fclt\u00fcrlerden ve deneyimlerden yararlanarak, uluslararas\u0131 portf\u00f6y\u00fcm\u00fcz\u00fcn geni\u015flemesi, bir\u00e7ok \u00fclkede m\u00fc\u015fteriler ve meslekta\u015flarla ba\u011flant\u0131lar kurmam\u0131za olanak tan\u0131r. Devam eden bir ara\u015ft\u0131rma program\u0131 arac\u0131l\u0131\u011f\u0131yla yeni fikirleri ithal ederken bilgi ve uzmanl\u0131\u011f\u0131m\u0131z\u0131 da ihra\u00e7 ediyoruz. En \u00f6nemlisi, m\u00fc\u015fterilerimizi ve meslekta\u015flar\u0131m\u0131z\u0131 bu yerel anlay\u0131\u015f ve 'k\u00fcresel vizyon' kombinasyonundan faydaland\u0131rarak mesle\u011fin geli\u015fimine katk\u0131 sunuyoruz.<\/p>\t\t<\/div>\n\n\t\t\t\t<\/div>\n\t\t\t\t<\/div>\n\t\t\t\t\t<\/div>\n\t\t<\/div>\n\t\t\t\t<div class=\"elementor-column elementor-col-50 elementor-top-column elementor-element elementor-element-dff8470\" data-id=\"dff8470\" data-element_type=\"column\">\n\t\t\t<div class=\"elementor-widget-wrap elementor-element-populated\">\n\t\t\t\t\t\t<div class=\"elementor-element elementor-element-7907782 elementor-widget-divider--separator-type-pattern elementor-widget-divider--view-line elementor-widget elementor-widget-divider\" data-id=\"7907782\" data-element_type=\"widget\" data-widget_type=\"divider.default\">\n\t\t\t\t<div class=\"elementor-widget-container\">\n\t\t\t\t\t<div class=\"elementor-divider\" style=\"--divider-pattern-url: url(&quot;data:image\/svg+xml,%3Csvg xmlns=&#039;http:\/\/www.w3.org\/2000\/svg&#039; preserveAspectRatio=&#039;none&#039; overflow=&#039;visible&#039; height=&#039;100%&#039; viewBox=&#039;0 0 20 16&#039; fill=&#039;none&#039; stroke=&#039;black&#039; stroke-width=&#039;1&#039; stroke-linecap=&#039;square&#039; stroke-miterlimit=&#039;10&#039;%3E%3Cg transform=&#039;translate(-12.000000, 0)&#039;%3E%3Cpath d=&#039;M28,0L10,18&#039;\/%3E%3Cpath d=&#039;M18,0L0,18&#039;\/%3E%3Cpath d=&#039;M48,0L30,18&#039;\/%3E%3Cpath d=&#039;M38,0L20,18&#039;\/%3E%3C\/g%3E%3C\/svg%3E&quot;);\">\n\t\t\t<span class=\"elementor-divider-separator\">\n\t\t\t\t\t\t<\/span>\n\t\t<\/div>\n\t\t\t\t<\/div>\n\t\t\t\t<\/div>\n\t\t\t\t<div class=\"elementor-element elementor-element-88c5125 elementor-widget elementor-widget-hub_fancy_heading\" data-id=\"88c5125\" data-element_type=\"widget\" data-widget_type=\"hub_fancy_heading.default\">\n\t\t\t\t<div class=\"elementor-widget-container\">\n\t\t\t\n\t\t<div id=\"ld-fancy-heading-69f5fbb766dfd\" class=\"ld-fancy-heading pos-rel\">\n\t\t\t<h2 class=\"ld-fh-element d-inline-block pos-rel  elementor-heading-title lqd-highlight-classic lqd-highlight-grow-left h2\"  > S\u00fcrd\u00fcr\u00fclebilirlik<\/h2>\t\t<\/div>\n\n\t\t\t\t<\/div>\n\t\t\t\t<\/div>\n\t\t\t\t<div class=\"elementor-element elementor-element-fafa5a1 elementor-widget elementor-widget-hub_fancy_heading\" data-id=\"fafa5a1\" data-element_type=\"widget\" data-widget_type=\"hub_fancy_heading.default\">\n\t\t\t\t<div class=\"elementor-widget-container\">\n\t\t\t\n\t\t<div id=\"ld-fancy-heading-69f5fbb7677e6\" class=\"ld-fancy-heading pos-rel\">\n\t\t\t<p class=\"ld-fh-element d-inline-block pos-rel  lqd-highlight-classic lqd-highlight-grow-left p\"  > PTM olarak sosyal, ekonomik ve \u00e7evresel s\u00fcrd\u00fcr\u00fclebilirli\u011fe katk\u0131da bulunma sorumlulu\u011fumuzun oldu\u011funun bilincindeyiz. Bu nedenle s\u00fcrd\u00fcr\u00fclebilir d\u00fc\u015f\u00fcnceyi firman\u0131n k\u00fclt\u00fcr\u00fcne yerle\u015ftirmeye y\u00f6nelik bir politika geli\u015ftirdik.  Her projenin benzersiz sosyal, ekonomik ve \u00e7evresel ba\u011flam\u0131na uygun, daha s\u00fcrd\u00fcr\u00fclebilir tasar\u0131m \u00e7\u00f6z\u00fcmleri sunmak i\u00e7in m\u00fc\u015fterilerimizle ve uzman bilgisi sa\u011flay\u0131c\u0131lar\u0131m\u0131zla yak\u0131n i\u015f birli\u011fi i\u00e7inde \u00e7al\u0131\u015f\u0131yoruz. \nHer projede benzersiz, sosyal, ekonomik ve \u00e7evresel ba\u011flam\u0131na uygun, daha s\u00fcrd\u00fcr\u00fclebilir tasar\u0131m \u00e7\u00f6z\u00fcmleri sunmak i\u00e7in m\u00fc\u015fterilerimizle ve alanlar\u0131nda uzman dan\u0131\u015fmanlar\u0131m\u0131zla yak\u0131n i\u015f birli\u011fi i\u00e7inde \u00e7al\u0131\u015f\u0131yoruz.\nSorumlu tasar\u0131m uygulamas\u0131, deneyimden yararlanarak, e\u011fitimi te\u015fvik ederek, yeni ve tamamlay\u0131c\u0131 becerilerin kazan\u0131lmas\u0131n\u0131 destekleyerek ve gerekti\u011finde alanlar\u0131ndan uzman dan\u0131\u015fmanlarla i\u015f birli\u011fi yaparak te\u015fvik edilir. Sekt\u00f6rde ve kendi alan\u0131m\u0131zda \u00f6rnek al\u0131nacak bir liderlik sergilemeyi \u00f6nemsiyoruz. Ya\u015fad\u0131\u011f\u0131m\u0131z kentsel \u00e7evreyi iyile\u015ftirerek, gururla hat\u0131rlayabilece\u011fimiz bir miras b\u0131rakabiliriz.\n<\/p>\t\t<\/div>\n\n\t\t\t\t<\/div>\n\t\t\t\t<\/div>\n\t\t\t\t\t<\/div>\n\t\t<\/div>\n\t\t\t\t\t<\/div>\n\t\t<\/section>\n\t\t\t\t<\/div>\n\t\t","protected":false},"excerpt":{"rendered":"<p>HAKKIMIZDA PTM | Proje Tasar\u0131m Merkezi, modern mimari, peyzaj mimarl\u0131\u011f\u0131 ve kentsel tasar\u0131m alanlar\u0131nda 2004 y\u0131l\u0131nda kurulmu\u015f bir tasar\u0131m ve uygulama ofisidir. T\u00fcrkiye genelinde ve uluslararas\u0131 d\u00fczeyde hizmet veren PTM, s\u00fcrd\u00fcr\u00fclebilir, yenilik\u00e7i ve estetik peyzaj mimarl\u0131\u011f\u0131 anlay\u0131\u015f\u0131yla kullan\u0131c\u0131lar\u0131n hayalini kurdu\u011fu mek\u00e2nlara h\u0131zl\u0131 ve etkili \u00e7\u00f6z\u00fcmler sunmay\u0131 g\u00f6rev edinmi\u015ftir. Kurulu\u015fundan bu yana, Trabzon merkezli olan PTM, [&hellip;]<\/p>\n","protected":false},"author":1,"featured_media":0,"parent":0,"menu_order":0,"comment_status":"closed","ping_status":"closed","template":"","meta":{"footnotes":""},"class_list":["post-8036","page","type-page","status-publish","hentry"],"_links":{"self":[{"href":"https:\/\/www.ptmproje.com\/tr\/wp-json\/wp\/v2\/pages\/8036","targetHints":{"allow":["GET"]}}],"collection":[{"href":"https:\/\/www.ptmproje.com\/tr\/wp-json\/wp\/v2\/pages"}],"about":[{"href":"https:\/\/www.ptmproje.com\/tr\/wp-json\/wp\/v2\/types\/page"}],"author":[{"embeddable":true,"href":"https:\/\/www.ptmproje.com\/tr\/wp-json\/wp\/v2\/users\/1"}],"replies":[{"embeddable":true,"href":"https:\/\/www.ptmproje.com\/tr\/wp-json\/wp\/v2\/comments?post=8036"}],"version-history":[{"count":22,"href":"https:\/\/www.ptmproje.com\/tr\/wp-json\/wp\/v2\/pages\/8036\/revisions"}],"predecessor-version":[{"id":9445,"href":"https:\/\/www.ptmproje.com\/tr\/wp-json\/wp\/v2\/pages\/8036\/revisions\/9445"}],"wp:attachment":[{"href":"https:\/\/www.ptmproje.com\/tr\/wp-json\/wp\/v2\/media?parent=8036"}],"curies":[{"name":"wp","href":"https:\/\/api.w.org\/{rel}","templated":true}]}}