{"id":8933,"date":"2024-03-22T17:38:42","date_gmt":"2024-03-22T14:38:42","guid":{"rendered":"https:\/\/www.ptmproje.com\/?page_id=8933"},"modified":"2024-04-22T14:48:25","modified_gmt":"2024-04-22T11:48:25","slug":"haberler","status":"publish","type":"page","link":"https:\/\/www.ptmproje.com\/tr\/haberler\/","title":{"rendered":"Haberler"},"content":{"rendered":"\t\t<div data-elementor-type=\"wp-page\" data-elementor-id=\"8933\" class=\"elementor elementor-8933\" data-elementor-post-type=\"page\">\n\t\t\t\t\t\t<section data-custom-animations=\"true\" data-ca-options=\"{&quot;addChildTimelines&quot;:false,&quot;animationTarget&quot;:&quot;:scope &gt; .elementor-container &gt; .elementor-column&quot;,&quot;ease&quot;:[&quot;power4.out&quot;],&quot;initValues&quot;:{&quot;opacity&quot;:0},&quot;animations&quot;:{&quot;opacity&quot;:1}}\" class=\"elementor-section elementor-top-section elementor-element elementor-element-71fb7a2 elementor-section-boxed elementor-section-height-default elementor-section-height-default\" data-id=\"71fb7a2\" data-element_type=\"section\">\n\t\t\t\t\t\t<div class=\"elementor-container elementor-column-gap-default\">\n\t\t\t\t\t<div class=\"elementor-column elementor-col-100 elementor-top-column elementor-element elementor-element-d579a9e\" data-id=\"d579a9e\" data-element_type=\"column\">\n\t\t\t<div class=\"elementor-widget-wrap elementor-element-populated\">\n\t\t\t\t\t\t<div class=\"elementor-element elementor-element-3c2f193 elementor-widget elementor-widget-hub_fancy_heading\" data-id=\"3c2f193\" data-element_type=\"widget\" data-widget_type=\"hub_fancy_heading.default\">\n\t\t\t\t<div class=\"elementor-widget-container\">\n\t\t\t\n\t\t<div id=\"ld-fancy-heading-69e3461130a37\" class=\"ld-fancy-heading pos-rel\">\n\t\t\t<h2 class=\"ld-fh-element d-inline-block pos-rel  elementor-heading-title lqd-highlight-classic lqd-highlight-grow-left h2\"  > Son Haberler <\/h2>\t\t<\/div>\n\n\t\t\t\t<\/div>\n\t\t\t\t<\/div>\n\t\t\t\t<div class=\"elementor-element elementor-element-e91cf00 elementor-widget elementor-widget-hub_fancy_heading\" data-id=\"e91cf00\" data-element_type=\"widget\" data-widget_type=\"hub_fancy_heading.default\">\n\t\t\t\t<div class=\"elementor-widget-container\">\n\t\t\t\n\t\t<div id=\"ld-fancy-heading-69e3461131b26\" class=\"ld-fancy-heading pos-rel\">\n\t\t\t<p class=\"ld-fh-element d-inline-block pos-rel  lqd-highlight-classic lqd-highlight-grow-left p\"  > En son haberler ve g\u00fcncel geli\u015fmelerle ilgili i\u00e7erikleri burada bulabilirsiniz. Sekt\u00f6rdeki en yeni trendler, \u00f6nemli olaylar ve ilham verici hikayeler i\u00e7in bizi takip edin!<\/p>\t\t<\/div>\n\n\t\t\t\t<\/div>\n\t\t\t\t<\/div>\n\t\t\t\t<div class=\"elementor-element elementor-element-2af755f elementor-grid-3 elementor-grid-tablet-2 elementor-grid-mobile-1 elementor-posts--thumbnail-top elementor-card-shadow-yes elementor-posts__hover-gradient load-more-align-center elementor-widget elementor-widget-posts\" data-id=\"2af755f\" data-element_type=\"widget\" data-settings=\"{&quot;cards_masonry&quot;:&quot;yes&quot;,&quot;pagination_type&quot;:&quot;load_more_on_click&quot;,&quot;cards_columns&quot;:&quot;3&quot;,&quot;cards_columns_tablet&quot;:&quot;2&quot;,&quot;cards_columns_mobile&quot;:&quot;1&quot;,&quot;cards_row_gap&quot;:{&quot;unit&quot;:&quot;px&quot;,&quot;size&quot;:35,&quot;sizes&quot;:[]},&quot;cards_row_gap_tablet&quot;:{&quot;unit&quot;:&quot;px&quot;,&quot;size&quot;:&quot;&quot;,&quot;sizes&quot;:[]},&quot;cards_row_gap_mobile&quot;:{&quot;unit&quot;:&quot;px&quot;,&quot;size&quot;:&quot;&quot;,&quot;sizes&quot;:[]},&quot;load_more_spinner&quot;:{&quot;value&quot;:&quot;fas fa-spinner&quot;,&quot;library&quot;:&quot;fa-solid&quot;}}\" data-widget_type=\"posts.cards\">\n\t\t\t\t<div class=\"elementor-widget-container\">\n\t\t\t<link rel=\"stylesheet\" href=\"https:\/\/www.ptmproje.com\/wp-content\/plugins\/pro-elements\/assets\/css\/widget-posts.min.css\">\t\t<div class=\"elementor-posts-container elementor-posts elementor-posts--skin-cards elementor-grid\">\n\t\t\t\t<article class=\"elementor-post elementor-grid-item post-8944 post type-post status-publish format-standard has-post-thumbnail hentry category-global\">\n\t\t\t<div class=\"elementor-post__card\">\n\t\t\t\t<a class=\"elementor-post__thumbnail__link\" href=\"https:\/\/www.ptmproje.com\/tr\/dusten-gercege-uluslararasi-tasarim-yarismasi\/\" tabindex=\"-1\" ><div class=\"elementor-post__thumbnail\"><img fetchpriority=\"high\" decoding=\"async\" width=\"300\" height=\"225\" src=\"https:\/\/www.ptmproje.com\/wp-content\/uploads\/2024\/03\/dusten-gercege-uluslararasi-tasarim-yarismasinin-odul-toreni.-7525-300x225.webp\" class=\"elementor-animation-grow attachment-medium size-medium wp-image-8896\" alt=\"\" srcset=\"https:\/\/www.ptmproje.com\/wp-content\/uploads\/2024\/03\/dusten-gercege-uluslararasi-tasarim-yarismasinin-odul-toreni.-7525-300x225.webp 300w, https:\/\/www.ptmproje.com\/wp-content\/uploads\/2024\/03\/dusten-gercege-uluslararasi-tasarim-yarismasinin-odul-toreni.-7525.webp 800w\" sizes=\"(max-width: 300px) 100vw, 300px\" \/><\/div><\/a>\n\t\t\t\t<div class=\"elementor-post__text\">\n\t\t\t\t<h3 class=\"elementor-post__title\">\n\t\t\t<a href=\"https:\/\/www.ptmproje.com\/tr\/dusten-gercege-uluslararasi-tasarim-yarismasi\/\" >\n\t\t\t\tD\u00fc\u015ften Ger\u00e7e\u011fe Uluslararas\u0131 Tasar\u0131m Yar\u0131\u015fmas\u0131\t\t\t<\/a>\n\t\t<\/h3>\n\t\t\t\t<div class=\"elementor-post__excerpt\">\n\t\t\t<p>&#8220;D\u00dc\u015eTEN GER\u00c7E\u011eE&#8221; uluslararas\u0131 tasar\u0131m yar\u0131\u015fmas\u0131n\u0131n heyecan verici \u00f6d\u00fcl t\u00f6reni, yarat\u0131c\u0131l\u0131\u011f\u0131n ve inovasyonun zirvesini kutluyor. Her y\u0131l d\u00fczenlenen bu etkinlik, d\u00fcnyan\u0131n d\u00f6rt bir yan\u0131ndan gelen yetenekli<\/p>\n\t\t<\/div>\n\t\t\n\t\t<a class=\"elementor-post__read-more\" href=\"https:\/\/www.ptmproje.com\/tr\/dusten-gercege-uluslararasi-tasarim-yarismasi\/\" aria-label=\"Read more about D\u00fc\u015ften Ger\u00e7e\u011fe Uluslararas\u0131 Tasar\u0131m Yar\u0131\u015fmas\u0131\" tabindex=\"-1\" >\n\t\t\tDaha Fazlas\u0131\t\t<\/a>\n\n\t\t\t\t<\/div>\n\t\t\t\t<div class=\"elementor-post__meta-data\">\n\t\t\t\t\t<span class=\"elementor-post-date\">\n\t\t\t22\/03\/2024\t\t<\/span>\n\t\t\t\t<\/div>\n\t\t\t\t\t<\/div>\n\t\t<\/article>\n\t\t\t\t<\/div>\n\t\t\t\t\t<span class=\"e-load-more-spinner\">\n\t\t\t\t<svg aria-hidden=\"true\" class=\"e-font-icon-svg e-fas-spinner\" viewBox=\"0 0 512 512\" xmlns=\"http:\/\/www.w3.org\/2000\/svg\"><path d=\"M304 48c0 26.51-21.49 48-48 48s-48-21.49-48-48 21.49-48 48-48 48 21.49 48 48zm-48 368c-26.51 0-48 21.49-48 48s21.49 48 48 48 48-21.49 48-48-21.49-48-48-48zm208-208c-26.51 0-48 21.49-48 48s21.49 48 48 48 48-21.49 48-48-21.49-48-48-48zM96 256c0-26.51-21.49-48-48-48S0 229.49 0 256s21.49 48 48 48 48-21.49 48-48zm12.922 99.078c-26.51 0-48 21.49-48 48s21.49 48 48 48 48-21.49 48-48c0-26.509-21.491-48-48-48zm294.156 0c-26.51 0-48 21.49-48 48s21.49 48 48 48 48-21.49 48-48c0-26.509-21.49-48-48-48zM108.922 60.922c-26.51 0-48 21.49-48 48s21.49 48 48 48 48-21.49 48-48-21.491-48-48-48z\"><\/path><\/svg>\t\t\t<\/span>\n\t\t\n\t\t\t\t<\/div>\n\t\t\t\t<\/div>\n\t\t\t\t\t<\/div>\n\t\t<\/div>\n\t\t\t\t\t<\/div>\n\t\t<\/section>\n\t\t\t\t<\/div>\n\t\t","protected":false},"excerpt":{"rendered":"<p>Son Haberler En son haberler ve g\u00fcncel geli\u015fmelerle ilgili i\u00e7erikleri burada bulabilirsiniz. Sekt\u00f6rdeki en yeni trendler, \u00f6nemli olaylar ve ilham verici hikayeler i\u00e7in bizi takip edin!<\/p>\n","protected":false},"author":1,"featured_media":0,"parent":0,"menu_order":0,"comment_status":"closed","ping_status":"closed","template":"","meta":{"footnotes":""},"class_list":["post-8933","page","type-page","status-publish","hentry"],"_links":{"self":[{"href":"https:\/\/www.ptmproje.com\/tr\/wp-json\/wp\/v2\/pages\/8933","targetHints":{"allow":["GET"]}}],"collection":[{"href":"https:\/\/www.ptmproje.com\/tr\/wp-json\/wp\/v2\/pages"}],"about":[{"href":"https:\/\/www.ptmproje.com\/tr\/wp-json\/wp\/v2\/types\/page"}],"author":[{"embeddable":true,"href":"https:\/\/www.ptmproje.com\/tr\/wp-json\/wp\/v2\/users\/1"}],"replies":[{"embeddable":true,"href":"https:\/\/www.ptmproje.com\/tr\/wp-json\/wp\/v2\/comments?post=8933"}],"version-history":[{"count":12,"href":"https:\/\/www.ptmproje.com\/tr\/wp-json\/wp\/v2\/pages\/8933\/revisions"}],"predecessor-version":[{"id":9400,"href":"https:\/\/www.ptmproje.com\/tr\/wp-json\/wp\/v2\/pages\/8933\/revisions\/9400"}],"wp:attachment":[{"href":"https:\/\/www.ptmproje.com\/tr\/wp-json\/wp\/v2\/media?parent=8933"}],"curies":[{"name":"wp","href":"https:\/\/api.w.org\/{rel}","templated":true}]}}